{"id":14,"date":"2025-11-26T12:48:54","date_gmt":"2025-11-26T12:48:54","guid":{"rendered":"https:\/\/vitalityfocushub.com\/quem-sou-eu-a-jornada-de-bem-estar-e-saude\/"},"modified":"2025-11-26T12:48:54","modified_gmt":"2025-11-26T12:48:54","slug":"quem-sou-eu-a-jornada-de-bem-estar-e-saude","status":"publish","type":"page","link":"https:\/\/vitalityfocushub.com\/en\/quem-sou-eu-a-jornada-de-bem-estar-e-saude\/","title":{"rendered":"Quem Sou Eu: A Jornada de Bem-Estar e Sa\u00fade"},"content":{"rendered":"<h2>Introdu\u00e7\u00e3o Pessoal<\/h2>\n<p>Ol\u00e1, muito prazer! Meu nome \u00e9 Ana e sou uma brasileira que reside no Jap\u00e3o. Minha jornada come\u00e7ou h\u00e1 mais de uma d\u00e9cada, quando decidi me mudar para este pa\u00eds fascinante, buscando novas oportunidades e um estilo de vida que refletisse minhas aspira\u00e7\u00f5es pessoais e profissionais. Desde ent\u00e3o, minha experi\u00eancia tem sido enriquecedora e desafiadora, permitindo-me entender profundamente n\u00e3o apenas as diferen\u00e7as culturais, mas tamb\u00e9m a conex\u00e3o entre sa\u00fade e bem-estar na vida cotidiana.<\/p>\n<p>Formei-me em nutri\u00e7\u00e3o e, ao longo dos anos, trabalhei em diferentes \u00e1reas da sa\u00fade, abrangendo desde atendimentos cl\u00ednicos at\u00e9 palestras sobre alimenta\u00e7\u00e3o saud\u00e1vel. Cada intera\u00e7\u00e3o com meus clientes e colegas me proporcionou um vislumbre \u00fanico sobre como as escolhas di\u00e1rias impactam a qualidade de vida. Isso despertou em mim a paix\u00e3o por criar um espa\u00e7o seguro onde poder\u00edamos compartilhar informa\u00e7\u00f5es, experi\u00eancias e reflex\u00f5es sobre sa\u00fade e bem-estar.<\/p>\n<p>Acredito que o bem-estar n\u00e3o se resume apenas a uma alimenta\u00e7\u00e3o equilibrada ou a pr\u00e1tica regular de exerc\u00edcios; \u00e9, antes de tudo, um estado de equil\u00edbrio emocional e mental. Motivada por essa vis\u00e3o, decidi embarcar em uma jornada digital, onde posso n\u00e3o apenas compartilhar meu conhecimento, mas tamb\u00e9m aprender com voc\u00eas, meus leitores. Cada um tem uma hist\u00f3ria a contar, e \u00e9 por meio da troca dessas viv\u00eancias que podemos crescer e nos apoiar mutuamente.<\/p>\n<p>Ao longo deste blog, pretendo abordar diversos temas relacionados \u00e0 sa\u00fade f\u00edsica e mental, nutri\u00e7\u00e3o, e desenvolvimento pessoal, sempre com o intuito de inspirar e empoderar cada um de voc\u00eas a buscar uma vida mais equilibrada. Estou animada para iniciar essa jornada juntos, e espero que encontremos um caminho de bem-estar que ressoe com todos n\u00f3s.<\/p>\n<h2>Miss\u00e3o e Prop\u00f3sito<\/h2>\n<p>Atrav\u00e9s do site Vitality FocusHub, minha miss\u00e3o central \u00e9 capacitar indiv\u00edduos a adotarem h\u00e1bitos saud\u00e1veis que repercutem positivamente em suas vidas. O objetivo \u00e9 torn\u00e1-los mais conscientes sobre sua sa\u00fade e bem-estar, proporcionando informa\u00e7\u00f5es acess\u00edveis e pr\u00e1ticas. Assim, eu me comprometo a oferecer um espa\u00e7o informativo onde temas fundamentais como menopausa, sa\u00fade feminina, diabetes e press\u00e3o alta s\u00e3o tratados com seriedade e confiabilidade. Essas quest\u00f5es s\u00e3o relevantes para muitas pessoas e merecem uma abordagem clara e did\u00e1tica.<\/p>\n<p>Minhas artigos buscam simplificar conceitos que frequentemente s\u00e3o vistos como complexos, ajudando o leitor a compreender como pequenas mudan\u00e7as podem resultar em melhorias significativas na qualidade de vida. Acredito firmemente que cada passo positivo, por menor que seja, pode ser um agente transformador. A sa\u00fade n\u00e3o deve ser vista apenas como a aus\u00eancia de doen\u00e7as, mas sim como um estado de bem-estar geral. Portanto, ao integrar informa\u00e7\u00f5es sobre nutri\u00e7\u00e3o, exerc\u00edcio f\u00edsico e autocuidado, a miss\u00e3o \u00e9 sempre fomentar um estilo de vida mais equilibrado e saud\u00e1vel.<\/p>\n<p>\u00c9 fundamental criar um ambiente que inspire e motive. Atrav\u00e9s de posts e conte\u00fados diversos, meu intuito \u00e9 provocar reflex\u00f5es e a\u00e7\u00f5es que ajudem na jornada de cada leitor. A aproxima\u00e7\u00e3o a temas como menopausa e suas implica\u00e7\u00f5es na sa\u00fade feminina, bem como o diabetes e sua gest\u00e3o, s\u00e3o abordadas de forma a empoderar o p\u00fablico, evidenciando que a informa\u00e7\u00e3o \u00e9 uma ferramenta valiosa na preven\u00e7\u00e3o e melhoria das condi\u00e7\u00f5es de sa\u00fade. Concluindo, o prop\u00f3sito do Vitality FocusHub \u00e9 ser uma fonte confi\u00e1vel que apoie as pessoas na busca por seu melhor eu, promovendo mudan\u00e7as positivas e buscadas em um caminho de sa\u00fade digno e sustent\u00e1vel.<\/p>\n<h2>Conte\u00fados e Recomenda\u00e7\u00f5es<\/h2>\n<p>No site, os visitantes encontrar\u00e3o uma variedade de conte\u00fados que abordam temas vitais relacionados ao bem-estar e \u00e0 sa\u00fade. Nossa abordagem \u00e9 diversificada, abrangendo t\u00f3picos que v\u00e3o desde a nutri\u00e7\u00e3o e o exerc\u00edcio f\u00edsico at\u00e9 o autocuidado e o equil\u00edbrio emocional. Cada um desses aspectos \u00e9 apresentado com base em rigorosos crit\u00e9rios de pesquisa, assim garantindo que a informa\u00e7\u00e3o seja tanto acess\u00edvel quanto fundamentada em evid\u00eancias cient\u00edficas.<\/p>\n<p>Al\u00e9m da explora\u00e7\u00e3o de temas centrais, o site tamb\u00e9m disponibiliza recomenda\u00e7\u00f5es de produtos que se alinham aos objetivos de um estilo de vida saud\u00e1vel. Essas recomenda\u00e7\u00f5es s\u00e3o feitas com total transpar\u00eancia; ao integrar links para produtos, possibilitamos que os leitores fa\u00e7am suas compras de forma pr\u00e1tica, ao mesmo tempo que ajudam a sustentar o funcionamento do site. A visita ao nosso site e a utiliza\u00e7\u00e3o dos links de compra n\u00e3o apenas proporcionam aos leitores acesso a conte\u00fado gratuito, mas tamb\u00e9m demonstram um suporte ao nosso trabalho, essencial para a continuidade das publica\u00e7\u00f5es informativas.<\/p>\n<p>\u00c9 importante ressaltar que cada produto recomendado passou por uma an\u00e1lise cuidadosa e \u00e9 escolhido com a inten\u00e7\u00e3o de oferecer valor real aos nossos leitores. Acreditamos que a confian\u00e7a \u00e9 um pilar fundamental; por isso, toda recomenda\u00e7\u00e3o \u00e9 acompanhada de uma explica\u00e7\u00e3o detalhada sobre como cada item pode contribuir para melhorar a sa\u00fade e o bem-estar. Ao explorar os conte\u00fados e as recomenda\u00e7\u00f5es dispon\u00edveis, os visitantes estar\u00e3o se equipando de informa\u00e7\u00f5es \u00fateis e pr\u00e1ticas para integrarem em suas rotinas di\u00e1rias, promovendo um estilo de vida mais saud\u00e1vel e equilibrado.<\/p>\n<h2>Convite \u00e0 Intera\u00e7\u00e3o e Explora\u00e7\u00e3o<\/h2>\n<p>Ao chegarmos ao fim deste artigo, gostaria de estender um convite caloroso a voc\u00ea, leitor. A jornada de bem-estar e sa\u00fade \u00e9 uma trilha que percorremos juntos, e sua participa\u00e7\u00e3o \u00e9 essencial para criarmos um espa\u00e7o de aprendizado e apoio m\u00fatuo. Este site foi concebido como um recurso rico em informa\u00e7\u00f5es e dicas pr\u00e1ticas que podem ser facilmente integradas ao seu cotidiano, permitindo que voc\u00ea desenvolva h\u00e1bitos saud\u00e1veis e promova uma vida equilibrada.<\/p>\n<p>Convido voc\u00ea a explorar os diversos artigos dispon\u00edveis, onde voc\u00ea encontrar\u00e1 recomenda\u00e7\u00f5es sobre alimenta\u00e7\u00e3o saud\u00e1vel, exerc\u00edcios f\u00edsicos e pr\u00e1ticas de mindfulness. Cada texto foi elaborado com a inten\u00e7\u00e3o de fornecer orienta\u00e7\u00f5es pr\u00e1ticas, embasadas em pesquisas e experi\u00eancias pessoais. N\u00e3o se trata apenas de absorver informa\u00e7\u00f5es, mas de interagir com elas, adaptando-as ao seu estilo de vida e \u00e0s suas necessidades individuais.<\/p>\n<p>A ideia central \u00e9 que todos tenham a oportunidade de compartilhar suas pr\u00f3prias experi\u00eancias e aprendizados. Sua voz \u00e9 importante nesta comunidade; portanto, n\u00e3o hesite em deixar coment\u00e1rios, perguntas e reflex\u00f5es. Ao interagir com outros leitores e conosco, voc\u00ea n\u00e3o apenas enriquecer\u00e1 sua jornada, como tamb\u00e9m contribuir\u00e1 para um espa\u00e7o mais din\u00e2mico e acolhedor para todos. Juntos, podemos enfrentar desafios e celebrar conquistas, criando uma rede de apoio que fortalece nossas motiva\u00e7\u00f5es e permite um crescimento cont\u00ednuo.<\/p>\n<p>Portanto, venha fazer parte desta jornada de explora\u00e7\u00e3o e autodescoberta. Estou animada para ver como voc\u00ea pode aplicar as dicas e estrat\u00e9gias aqui apresentadas na sua vida. Vamos juntos desbravar este caminho para um bem-estar duradouro e uma sa\u00fade aprimorada.<\/p>","protected":false},"excerpt":{"rendered":"<p>Introdu\u00e7\u00e3o Pessoal Ol\u00e1, muito prazer! Meu nome \u00e9 Ana e sou uma brasileira que reside no Jap\u00e3o. Minha jornada come\u00e7ou h\u00e1 mais de uma d\u00e9cada, quando decidi me mudar para este pa\u00eds fascinante, buscando novas oportunidades e um estilo de vida que refletisse minhas aspira\u00e7\u00f5es pessoais e profissionais. Desde ent\u00e3o, minha experi\u00eancia tem sido enriquecedora [&hellip;]<\/p>","protected":false},"author":1,"featured_media":0,"parent":0,"menu_order":0,"comment_status":"closed","ping_status":"closed","template":"","meta":{"footnotes":""},"class_list":["post-14","page","type-page","status-publish","hentry"],"_hostinger_reach_plugin_has_subscription_block":false,"_hostinger_reach_plugin_is_elementor":false,"_links":{"self":[{"href":"https:\/\/vitalityfocushub.com\/en\/wp-json\/wp\/v2\/pages\/14","targetHints":{"allow":["GET"]}}],"collection":[{"href":"https:\/\/vitalityfocushub.com\/en\/wp-json\/wp\/v2\/pages"}],"about":[{"href":"https:\/\/vitalityfocushub.com\/en\/wp-json\/wp\/v2\/types\/page"}],"author":[{"embeddable":true,"href":"https:\/\/vitalityfocushub.com\/en\/wp-json\/wp\/v2\/users\/1"}],"replies":[{"embeddable":true,"href":"https:\/\/vitalityfocushub.com\/en\/wp-json\/wp\/v2\/comments?post=14"}],"version-history":[{"count":0,"href":"https:\/\/vitalityfocushub.com\/en\/wp-json\/wp\/v2\/pages\/14\/revisions"}],"wp:attachment":[{"href":"https:\/\/vitalityfocushub.com\/en\/wp-json\/wp\/v2\/media?parent=14"}],"curies":[{"name":"wp","href":"https:\/\/api.w.org\/{rel}","templated":true}]}}